{"id":2118,"date":"2024-09-24T03:54:24","date_gmt":"2024-09-24T03:54:24","guid":{"rendered":"https:\/\/hustle.com.vn\/?page_id=2118"},"modified":"2026-01-28T04:12:32","modified_gmt":"2026-01-28T04:12:32","slug":"dia-diem","status":"publish","type":"page","link":"https:\/\/hustle.com.vn\/vi\/dia-diem\/","title":{"rendered":"\u0110\u1ecba \u0111i\u1ec3m"},"content":{"rendered":"<div class=\"row fullpage\"  id=\"row-1368279852\">\n<div class=\"col small-12 large-12\"  ><div class=\"col-inner\"  >\n\t<section class=\"section is-full-height\" id=\"section_2119212074\">\n\t\t<div class=\"bg section-bg fill bg-fill  \" >\n\n\t\t\t\n\t\t\t\n\t\t\t\n\n\t\t<\/div><!-- .section-bg -->\n\n\t\t<div class=\"section-content relative\">\n\t\t\t\n<div class=\"row h-full\"  id=\"row-1897674408\">\n<div class=\"col content-box medium-5 small-12 large-5\"  ><div class=\"col-inner\"  >\n<h3><span style=\"font-size: 80%;\">KH\u00d4NG GIAN T\u1eacP LUY\u1ec6N C\u1ee6A CH\u00daNG T\u00d4I<\/span><\/h3>\n<p>Tr\u1ea3i nghi\u1ec7m h\u1ec7 th\u1ed1ng ph\u00f2ng t\u1eadp boutique fitness hi\u1ec7n \u0111\u1ea1i t\u1ea1i Th\u00e0nh ph\u1ed1 H\u1ed3 Ch\u00ed Minh<\/p>\n<a href=\"https:\/\/www.google.com.vn\/\" target=\"_self\" class=\"button primary btn-normal\" rel=\"noopener\">\n    <span>H\u00e3y tham gia c\u00f9ng ch\u00fang t\u00f4i ngay!<\/span>\n  <\/a>\n\n<\/div><\/div>\n\n<style scope=\"scope\">\n\n<\/style>\n<\/div>\n\t\t<\/div><!-- .section-content -->\n\n\t\t\n<style scope=\"scope\">\n\n#section_2119212074 {\n  padding-top: 60px;\n  padding-bottom: 60px;\n  min-height: 100vh;\n}\n#section_2119212074 .section-bg.bg-loaded {\n  background-image: url(https:\/\/hustle.com.vn\/wp-content\/uploads\/2026\/01\/Lo-page-1.jpg);\n}\n<\/style>\n\t<\/section>\n\t\n\t<section class=\"section change-background is-full-height\" id=\"section_1617868634\">\n\t\t<div class=\"bg section-bg fill bg-fill  \" >\n\n\t\t\t\n\t\t\t\n\t\t\t\n\n\t\t<\/div><!-- .section-bg -->\n\n\t\t<div class=\"section-content relative\">\n\t\t\t\n  \n    <div class=\"block-caclophoc\">\n        <div class=\"group-caclophoc respon\">\n            <div class=\"swiper-caclophoc overflow-hidden\">\n                <div class=\"swiper-wrapper\">\n                                                <div class=\"swiper-slide\">\n                                <div class=\"relative\">\n                                    <div class=\"event-hover small area-box active\" data-id=\"2993\">\n                                        <h3>Hustle T\u00e2n \u0110\u1ecbnh<\/h3>\n                                        <div class=\"infor-chinhanh\">\n                                            <p>339 Hai B\u00e0 Tr\u01b0ng, Ph\u01b0\u1eddng Xu\u00e2n H\u00f2a, Tp. H\u1ed3 Ch\u00ed Minh , Vi\u1ec7t Nam<\/p>\n                                            <p>028 6271 3012<\/p>\n                                            <p>info@hustle.com.vn<\/p>\n                                        <\/div>\n                                        <a class=\"btn-css-noborder\" href=\"https:\/\/maps.app.goo.gl\/bvjrBMtHcW3aVgBM8?g_st=ipc\" target=\"_blank\" rel=\"noopener\"><span>\u0110i ngay b\u00e2y gi\u1edd<\/span><\/a>\n                                    <\/div>\n                                <\/div>\n                            <\/div>\n                                                <div class=\"swiper-slide\">\n                                <div class=\"relative\">\n                                    <div class=\"event-hover small area-box \" data-id=\"2260\">\n                                        <h3>Hustle G\u00f2 V\u1ea5p<\/h3>\n                                        <div class=\"infor-chinhanh\">\n                                            <p>465\/29 Phan V\u0103n Tr\u1ecb, Ph\u01b0\u1eddng An Nh\u01a1n, TP H\u1ed3 Ch\u00ed Minh, Vi\u1ec7t Nam<\/p>\n                                            <p>0973556749<\/p>\n                                            <p>govap@hustle.com.vn<\/p>\n                                        <\/div>\n                                        <a class=\"btn-css-noborder\" href=\"https:\/\/share.google\/22bRUu12rejhkVE5E\" target=\"_blank\" rel=\"noopener\"><span>\u0110i ngay b\u00e2y gi\u1edd<\/span><\/a>\n                                    <\/div>\n                                <\/div>\n                            <\/div>\n                                                <div class=\"swiper-slide\">\n                                <div class=\"relative\">\n                                    <div class=\"event-hover small area-box \" data-id=\"2261\">\n                                        <h3>Hustle Th\u1ea3o \u0110i\u1ec1n<\/h3>\n                                        <div class=\"infor-chinhanh\">\n                                            <p>26 Th\u1ea3o \u0110i\u1ec1n, Ph\u01b0\u1eddng An Kh\u00e1nh, TP H\u1ed3 Ch\u00ed Minh, Vi\u1ec7t Nam<\/p>\n                                            <p>028 6271 3012<\/p>\n                                            <p>info@hustle.com.vn<\/p>\n                                        <\/div>\n                                        <a class=\"btn-css-noborder\" href=\"https:\/\/maps.app.goo.gl\/ZyBqRqa7mDvH6Cws9\" target=\"_blank\" rel=\"noopener\"><span>\u0110i ngay b\u00e2y gi\u1edd<\/span><\/a>\n                                    <\/div>\n                                <\/div>\n                            <\/div>\n                                    <\/div>\n            <\/div>\n             <div class=\"swiper-pagination swiper-pagination-caclophoc\"><\/div>\n        <\/div>\n       \n    <\/div>\n    \n\t\t<\/div><!-- .section-content -->\n\n\t\t\n<style scope=\"scope\">\n\n#section_1617868634 {\n  padding-top: 60px;\n  padding-bottom: 60px;\n  min-height: 100vh;\n}\n#section_1617868634 .section-bg.bg-loaded {\n  background-image: url(https:\/\/hustle.com.vn\/wp-content\/uploads\/2026\/01\/Lo-page-2.jpg);\n}\n<\/style>\n\t<\/section>\n\t\n\t<section class=\"section section-w-full section-form is-full-height\" id=\"section_1238624749\">\n\t\t<div class=\"bg section-bg fill bg-fill  bg-loaded\" >\n\n\t\t\t\n\t\t\t\n\t\t\t\n\n\t\t<\/div><!-- .section-bg -->\n\n\t\t<div class=\"section-content relative\">\n\t\t\t\n<div class=\"row aligh-items-center\"  id=\"row-2105074558\">\n<div class=\"col medium-6 small-12 large-6\"  ><div class=\"col-inner\"  >\n\t<div class=\"img has-hover x md-x lg-x y md-y lg-y\" id=\"image_1947752543\">\n\t\t\t\t\t\t\t\t<div class=\"img-inner dark\" >\n\t\t\t<img loading=\"lazy\" decoding=\"async\" width=\"800\" height=\"800\" src=\"https:\/\/hustle.com.vn\/wp-content\/uploads\/2025\/12\/anh-web-2-800x800.png\" class=\"attachment-large size-large\" alt=\"\" srcset=\"https:\/\/hustle.com.vn\/wp-content\/uploads\/2025\/12\/anh-web-2-800x800.png 800w, https:\/\/hustle.com.vn\/wp-content\/uploads\/2025\/12\/anh-web-2-400x400.png 400w, https:\/\/hustle.com.vn\/wp-content\/uploads\/2025\/12\/anh-web-2-280x280.png 280w, https:\/\/hustle.com.vn\/wp-content\/uploads\/2025\/12\/anh-web-2-768x768.png 768w, https:\/\/hustle.com.vn\/wp-content\/uploads\/2025\/12\/anh-web-2-1536x1536.png 1536w, https:\/\/hustle.com.vn\/wp-content\/uploads\/2025\/12\/anh-web-2-300x300.png 300w, https:\/\/hustle.com.vn\/wp-content\/uploads\/2025\/12\/anh-web-2-600x600.png 600w, https:\/\/hustle.com.vn\/wp-content\/uploads\/2025\/12\/anh-web-2-100x100.png 100w, https:\/\/hustle.com.vn\/wp-content\/uploads\/2025\/12\/anh-web-2.png 2000w\" sizes=\"auto, (max-width: 800px) 100vw, 800px\" \/>\t\t\t\t\t\t\n\t\t\t\t\t<\/div>\n\t\t\t\t\t\t\t\t\n<style scope=\"scope\">\n\n#image_1947752543 {\n  width: 100%;\n}\n<\/style>\n\t<\/div>\n\t\n<\/div><\/div>\n<div class=\"col block-form medium-6 small-12 large-6\"  ><div class=\"col-inner\"  >\n\n<div class=\"wpcf7 no-js\" id=\"wpcf7-f2316-o1\" lang=\"en-US\" dir=\"ltr\">\n<div class=\"screen-reader-response\"><p role=\"status\" aria-live=\"polite\" aria-atomic=\"true\"><\/p> <ul><\/ul><\/div>\n<form action=\"\/vi\/wp-json\/wp\/v2\/pages\/2118#wpcf7-f2316-o1\" method=\"post\" class=\"wpcf7-form init\" aria-label=\"Contact form\" novalidate=\"novalidate\" data-status=\"init\">\n<div style=\"display: none;\">\n<input type=\"hidden\" name=\"_wpcf7\" value=\"2316\" \/>\n<input type=\"hidden\" name=\"_wpcf7_version\" value=\"5.9.4\" \/>\n<input type=\"hidden\" name=\"_wpcf7_locale\" value=\"en_US\" \/>\n<input type=\"hidden\" name=\"_wpcf7_unit_tag\" value=\"wpcf7-f2316-o1\" \/>\n<input type=\"hidden\" name=\"_wpcf7_container_post\" value=\"0\" \/>\n<input type=\"hidden\" name=\"_wpcf7_posted_data_hash\" value=\"\" \/>\n<\/div>\n<div class=\"item-form-job\">\n\t<p><span class=\"wpcf7-form-control-wrap\" data-name=\"your-name\"><input size=\"40\" class=\"wpcf7-form-control wpcf7-text wpcf7-validates-as-required\" aria-required=\"true\" aria-invalid=\"false\" placeholder=\"H\u1ecd t\u00ean\" value=\"\" type=\"text\" name=\"your-name\" \/><\/span>\n\t<\/p>\n<\/div>\n<div class=\"item-form-job\">\n\t<p><span class=\"wpcf7-form-control-wrap\" data-name=\"your-phone\"><input size=\"40\" class=\"wpcf7-form-control wpcf7-text wpcf7-validates-as-required\" aria-required=\"true\" aria-invalid=\"false\" placeholder=\"S\u1ed1 \u0111i\u1ec7n tho\u1ea1i\" value=\"\" type=\"text\" name=\"your-phone\" \/><\/span>\n\t<\/p>\n<\/div>\n<div class=\"item-form-job\">\n\t<p><span class=\"wpcf7-form-control-wrap\" data-name=\"your-name\"><input size=\"40\" class=\"wpcf7-form-control wpcf7-email wpcf7-validates-as-required wpcf7-text wpcf7-validates-as-email\" aria-required=\"true\" aria-invalid=\"false\" placeholder=\"Email\" value=\"\" type=\"email\" name=\"your-name\" \/><\/span>\n\t<\/p>\n<\/div>\n<div class=\"item-form-job\">\n\t<p><span class=\"wpcf7-form-control-wrap\" data-name=\"studio\"><select class=\"wpcf7-form-control wpcf7-select wpcf7-validates-as-required\" aria-required=\"true\" aria-invalid=\"false\" name=\"studio\"><option value=\"Ch\u1ecdn chi nh\u00e1nh\">Ch\u1ecdn chi nh\u00e1nh<\/option><option value=\"Qu\u1eadn 1\">Qu\u1eadn 1<\/option><option value=\"Qu\u1eadn 3\">Qu\u1eadn 3<\/option><option value=\"Qu\u1eadn 5\">Qu\u1eadn 5<\/option><option value=\"Qu\u1eadn 10\">Qu\u1eadn 10<\/option><\/select><\/span>\n\t<\/p>\n<\/div>\n<div class=\"text-form\">\n\t<p>B\u1eb1ng c\u00e1ch ti\u1ebfp t\u1ee5c, t\u00f4i \u0111\u1ed3ng \u00fd v\u1edbi \u0110i\u1ec1u kho\u1ea3n & \u0110i\u1ec1u ki\u1ec7n, Ch\u00ednh s\u00e1ch quy\u1ec1n ri\u00eang t\u01b0 c\u1ee7a Hustle Vietnam v\u00e0 c\u00e1c c\u00f4ng ty th\u01b0\u01a1ng hi\u1ec7u Hustle Vietnam v\u00e0 c\u1ed1 v\u1ea5n th\u00e0nh vi\u00ean c\u1ee7a h\u1ecd c\u00f3 th\u1ec3 li\u00ean h\u1ec7 v\u1edbi t\u00f4i v\u1ec1 c\u00e1c ch\u01b0\u01a1ng tr\u00ecnh khuy\u1ebfn m\u00e3i, ti\u1ebfp th\u1ecb, s\u1ea3n ph\u1ea9m, d\u1ecbch v\u1ee5 v\u00e0 c\u00e1c th\u00f4ng tin kh\u00e1c m\u00e0 t\u00f4i c\u00f3 th\u1ec3 quan t\u00e2m.\n\t<\/p>\n<\/div>\n<div class=\"item-form-job accept\">\n\t<p><span class=\"wpcf7-form-control-wrap\" data-name=\"acceptance-404\"><span class=\"wpcf7-form-control wpcf7-acceptance\"><span class=\"wpcf7-list-item\"><label><input type=\"checkbox\" name=\"acceptance-404\" value=\"1\" id=\"cv\" aria-invalid=\"false\" \/><span class=\"wpcf7-list-item-label\">\u0110\u0103ng k\u00fd \u0111\u1ec3 nh\u1eadn tin nh\u1eafn t\u1eeb Hustle Vietnam v\u1ec1 l\u1eddi m\u1eddi, khuy\u1ebfn m\u00e3i v\u00e0 tin t\u1ee9c \u0111\u1ed9c quy\u1ec1n.<\/span><\/label><\/span><\/span><\/span>\n\t<\/p>\n<\/div>\n<div class=\"text-form\">\n\t<p>B\u1eb1ng c\u00e1ch ch\u1ecdn h\u1ed9p n\u00e0y, b\u1ea1n \u0111\u1ed3ng \u00fd nh\u1eadn c\u00e1c tin nh\u1eafn v\u0103n b\u1ea3n ti\u1ebfp th\u1ecb \u0111\u01b0\u1ee3c c\u00e1 nh\u00e2n h\u00f3a v\u00e0 qu\u1ea3ng c\u00e1o t\u1ef1 \u0111\u1ed9ng \u0111\u1ecbnh k\u1ef3 (v\u00ed d\u1ee5: khuy\u1ebfn m\u00e3i ho\u1eb7c nh\u1eafc nh\u1edf gi\u1ecf h\u00e0ng) t\u1eeb Hustle Vietnam theo s\u1ed1 \u0111i\u1ec7n tho\u1ea1i \u0111\u01b0\u1ee3c s\u1eed d\u1ee5ng khi \u0111\u0103ng k\u00fd. S\u1ef1 \u0111\u1ed3ng \u00fd kh\u00f4ng ph\u1ea3i l\u00e0 \u0111i\u1ec1u ki\u1ec7n c\u1ee7a b\u1ea5t k\u1ef3 giao d\u1ecbch mua n\u00e0o. Tr\u1ea3 l\u1eddi HELP \u0111\u1ec3 \u0111\u01b0\u1ee3c tr\u1ee3 gi\u00fap v\u00e0 STOP \u0111\u1ec3 h\u1ee7y. T\u1ea7n s\u1ed1 tin nh\u1eafn kh\u00e1c nhau. T\u1ed1c \u0111\u1ed9 tin nh\u1eafn v\u00e0 d\u1eef li\u1ec7u c\u00f3 th\u1ec3 \u0111\u01b0\u1ee3c \u00e1p d\u1ee5ng. Xem \u0110i\u1ec1u kho\u1ea3n v\u00e0 Quy\u1ec1n ri\u00eang t\u01b0.\n\t<\/p>\n<\/div>\n<p><input class=\"wpcf7-form-control wpcf7-submit has-spinner button\" type=\"submit\" value=\"\u0110\u0103ng k\u00fd ngay\" \/>\n<\/p><input type='hidden' class='wpcf7-pum' value='{\"closepopup\":false,\"closedelay\":0,\"openpopup\":false,\"openpopup_id\":0}' \/><div class=\"wpcf7-response-output\" aria-hidden=\"true\"><\/div>\n<\/form>\n<\/div>\n\n<\/div><\/div>\n\n<style scope=\"scope\">\n\n<\/style>\n<\/div>\n\t\t<\/div><!-- .section-content -->\n\n\t\t\n<style scope=\"scope\">\n\n#section_1238624749 {\n  padding-top: 30px;\n  padding-bottom: 30px;\n  min-height: 100vh;\n  background-color: rgb(255, 255, 255);\n}\n<\/style>\n\t<\/section>\n\t\n<\/div><\/div>\n\n<style scope=\"scope\">\n\n<\/style>\n<\/div>\n","protected":false},"excerpt":{"rendered":"","protected":false},"author":1,"featured_media":0,"parent":0,"menu_order":0,"comment_status":"closed","ping_status":"closed","template":"page-blank.php","meta":{"footnotes":""},"class_list":["post-2118","page","type-page","status-publish","hentry"],"acf":[],"rankMath":{"parentDomain":"hustle.com.vn","noFollowDomains":[],"noFollowExcludeDomains":[],"noFollowExternalLinks":false,"featuredImageNotice":"The featured image should be at least 200 by 200 pixels to be picked up by Facebook and other social media sites.","pluginReviewed":false,"postSettings":{"linkSuggestions":true,"useFocusKeyword":false},"frontEndScore":false,"postName":"hustle-thao-dien","permalinkFormat":"https:\/\/hustle.com.vn\/vi\/chinhanh\/%pagename%\/","showLockModifiedDate":true,"assessor":{"focusKeywordLink":"https:\/\/hustle.com.vn\/wp-admin\/edit.php?focus_keyword=%focus_keyword%&post_type=%post_type%","hasTOCPlugin":false,"primaryTaxonomy":false,"serpData":{"title":"","description":"","focusKeywords":"","pillarContent":false,"canonicalUrl":"","breadcrumbTitle":"","advancedRobots":[],"facebookTitle":"","facebookDescription":"","facebookImage":"","facebookImageID":"","facebookHasOverlay":false,"facebookImageOverlay":"","facebookAuthor":"","twitterCardType":"","twitterUseFacebook":true,"twitterTitle":"","twitterDescription":"","twitterImage":"","twitterImageID":"","twitterHasOverlay":false,"twitterImageOverlay":"","twitterPlayerUrl":"","twitterPlayerSize":"","twitterPlayerStream":"","twitterPlayerStreamCtype":"","twitterAppDescription":"","twitterAppIphoneName":"","twitterAppIphoneID":"","twitterAppIphoneUrl":"","twitterAppIpadName":"","twitterAppIpadID":"","twitterAppIpadUrl":"","twitterAppGoogleplayName":"","twitterAppGoogleplayID":"","twitterAppGoogleplayUrl":"","twitterAppCountry":"","robots":{"index":true},"twitterAuthor":"username","primaryTerm":0,"authorName":"admin","titleTemplate":"%title% %sep% %sitename%","descriptionTemplate":"%excerpt%","showScoreFrontend":true,"lockModifiedDate":false},"powerWords":[],"diacritics":{"A":"[\\u0041\\u24B6\\uFF21\\u00C0\\u00C1\\u00C2\\u1EA6\\u1EA4\\u1EAA\\u1EA8\\u00C3\\u0100\\u0102\\u1EB0\\u1EAE\\u1EB4\\u1EB2\\u0226\\u01E0\\u00C4\\u01DE\\u1EA2\\u00C5\\u01FA\\u01CD\\u0200\\u0202\\u1EA0\\u1EAC\\u1EB6\\u1E00\\u0104\\u023A\\u2C6F]","AA":"[\\uA732]","AE":"[\\u00C6\\u01FC\\u01E2]","AO":"[\\uA734]","AU":"[\\uA736]","AV":"[\\uA738\\uA73A]","AY":"[\\uA73C]","B":"[\\u0042\\u24B7\\uFF22\\u1E02\\u1E04\\u1E06\\u0243\\u0182\\u0181]","C":"[\\u0043\\u24B8\\uFF23\\u0106\\u0108\\u010A\\u010C\\u00C7\\u1E08\\u0187\\u023B\\uA73E]","D":"[\\u0044\\u24B9\\uFF24\\u1E0A\\u010E\\u1E0C\\u1E10\\u1E12\\u1E0E\\u0110\\u018B\\u018A\\u0189\\uA779]","DZ":"[\\u01F1\\u01C4]","Dz":"[\\u01F2\\u01C5]","E":"[\\u0045\\u24BA\\uFF25\\u00C8\\u00C9\\u00CA\\u1EC0\\u1EBE\\u1EC4\\u1EC2\\u1EBC\\u0112\\u1E14\\u1E16\\u0114\\u0116\\u00CB\\u1EBA\\u011A\\u0204\\u0206\\u1EB8\\u1EC6\\u0228\\u1E1C\\u0118\\u1E18\\u1E1A\\u0190\\u018E]","F":"[\\u0046\\u24BB\\uFF26\\u1E1E\\u0191\\uA77B]","G":"[\\u0047\\u24BC\\uFF27\\u01F4\\u011C\\u1E20\\u011E\\u0120\\u01E6\\u0122\\u01E4\\u0193\\uA7A0\\uA77D\\uA77E]","H":"[\\u0048\\u24BD\\uFF28\\u0124\\u1E22\\u1E26\\u021E\\u1E24\\u1E28\\u1E2A\\u0126\\u2C67\\u2C75\\uA78D]","I":"[\\u0049\\u24BE\\uFF29\\u00CC\\u00CD\\u00CE\\u0128\\u012A\\u012C\\u0130\\u00CF\\u1E2E\\u1EC8\\u01CF\\u0208\\u020A\\u1ECA\\u012E\\u1E2C\\u0197]","J":"[\\u004A\\u24BF\\uFF2A\\u0134\\u0248]","K":"[\\u004B\\u24C0\\uFF2B\\u1E30\\u01E8\\u1E32\\u0136\\u1E34\\u0198\\u2C69\\uA740\\uA742\\uA744\\uA7A2]","L":"[\\u004C\\u24C1\\uFF2C\\u013F\\u0139\\u013D\\u1E36\\u1E38\\u013B\\u1E3C\\u1E3A\\u0141\\u023D\\u2C62\\u2C60\\uA748\\uA746\\uA780]","LJ":"[\\u01C7]","Lj":"[\\u01C8]","M":"[\\u004D\\u24C2\\uFF2D\\u1E3E\\u1E40\\u1E42\\u2C6E\\u019C]","N":"[\\u004E\\u24C3\\uFF2E\\u01F8\\u0143\\u00D1\\u1E44\\u0147\\u1E46\\u0145\\u1E4A\\u1E48\\u0220\\u019D\\uA790\\uA7A4]","NJ":"[\\u01CA]","Nj":"[\\u01CB]","O":"[\\u004F\\u24C4\\uFF2F\\u00D2\\u00D3\\u00D4\\u1ED2\\u1ED0\\u1ED6\\u1ED4\\u00D5\\u1E4C\\u022C\\u1E4E\\u014C\\u1E50\\u1E52\\u014E\\u022E\\u0230\\u00D6\\u022A\\u1ECE\\u0150\\u01D1\\u020C\\u020E\\u01A0\\u1EDC\\u1EDA\\u1EE0\\u1EDE\\u1EE2\\u1ECC\\u1ED8\\u01EA\\u01EC\\u00D8\\u01FE\\u0186\\u019F\\uA74A\\uA74C]","OI":"[\\u01A2]","OO":"[\\uA74E]","OU":"[\\u0222]","P":"[\\u0050\\u24C5\\uFF30\\u1E54\\u1E56\\u01A4\\u2C63\\uA750\\uA752\\uA754]","Q":"[\\u0051\\u24C6\\uFF31\\uA756\\uA758\\u024A]","R":"[\\u0052\\u24C7\\uFF32\\u0154\\u1E58\\u0158\\u0210\\u0212\\u1E5A\\u1E5C\\u0156\\u1E5E\\u024C\\u2C64\\uA75A\\uA7A6\\uA782]","S":"[\\u0053\\u24C8\\uFF33\\u1E9E\\u015A\\u1E64\\u015C\\u1E60\\u0160\\u1E66\\u1E62\\u1E68\\u0218\\u015E\\u2C7E\\uA7A8\\uA784]","T":"[\\u0054\\u24C9\\uFF34\\u1E6A\\u0164\\u1E6C\\u021A\\u0162\\u1E70\\u1E6E\\u0166\\u01AC\\u01AE\\u023E\\uA786]","TZ":"[\\uA728]","U":"[\\u0055\\u24CA\\uFF35\\u00D9\\u00DA\\u00DB\\u0168\\u1E78\\u016A\\u1E7A\\u016C\\u00DC\\u01DB\\u01D7\\u01D5\\u01D9\\u1EE6\\u016E\\u0170\\u01D3\\u0214\\u0216\\u01AF\\u1EEA\\u1EE8\\u1EEE\\u1EEC\\u1EF0\\u1EE4\\u1E72\\u0172\\u1E76\\u1E74\\u0244]","V":"[\\u0056\\u24CB\\uFF36\\u1E7C\\u1E7E\\u01B2\\uA75E\\u0245]","VY":"[\\uA760]","W":"[\\u0057\\u24CC\\uFF37\\u1E80\\u1E82\\u0174\\u1E86\\u1E84\\u1E88\\u2C72]","X":"[\\u0058\\u24CD\\uFF38\\u1E8A\\u1E8C]","Y":"[\\u0059\\u24CE\\uFF39\\u1EF2\\u00DD\\u0176\\u1EF8\\u0232\\u1E8E\\u0178\\u1EF6\\u1EF4\\u01B3\\u024E\\u1EFE]","Z":"[\\u005A\\u24CF\\uFF3A\\u0179\\u1E90\\u017B\\u017D\\u1E92\\u1E94\\u01B5\\u0224\\u2C7F\\u2C6B\\uA762]","a":"[\\u0061\\u24D0\\uFF41\\u1E9A\\u00E0\\u00E1\\u00E2\\u1EA7\\u1EA5\\u1EAB\\u1EA9\\u00E3\\u0101\\u0103\\u1EB1\\u1EAF\\u1EB5\\u1EB3\\u0227\\u01E1\\u00E4\\u01DF\\u1EA3\\u00E5\\u01FB\\u01CE\\u0201\\u0203\\u1EA1\\u1EAD\\u1EB7\\u1E01\\u0105\\u2C65\\u0250]","aa":"[\\uA733]","ae":"[\\u00E6\\u01FD\\u01E3]","ao":"[\\uA735]","au":"[\\uA737]","av":"[\\uA739\\uA73B]","ay":"[\\uA73D]","b":"[\\u0062\\u24D1\\uFF42\\u1E03\\u1E05\\u1E07\\u0180\\u0183\\u0253]","c":"[\\u0063\\u24D2\\uFF43\\u0107\\u0109\\u010B\\u010D\\u00E7\\u1E09\\u0188\\u023C\\uA73F\\u2184]","d":"[\\u0064\\u24D3\\uFF44\\u1E0B\\u010F\\u1E0D\\u1E11\\u1E13\\u1E0F\\u0111\\u018C\\u0256\\u0257\\uA77A]","dz":"[\\u01F3\\u01C6]","e":"[\\u0065\\u24D4\\uFF45\\u00E8\\u00E9\\u00EA\\u1EC1\\u1EBF\\u1EC5\\u1EC3\\u1EBD\\u0113\\u1E15\\u1E17\\u0115\\u0117\\u00EB\\u1EBB\\u011B\\u0205\\u0207\\u1EB9\\u1EC7\\u0229\\u1E1D\\u0119\\u1E19\\u1E1B\\u0247\\u025B\\u01DD]","f":"[\\u0066\\u24D5\\uFF46\\u1E1F\\u0192\\uA77C]","g":"[\\u0067\\u24D6\\uFF47\\u01F5\\u011D\\u1E21\\u011F\\u0121\\u01E7\\u0123\\u01E5\\u0260\\uA7A1\\u1D79\\uA77F]","h":"[\\u0068\\u24D7\\uFF48\\u0125\\u1E23\\u1E27\\u021F\\u1E25\\u1E29\\u1E2B\\u1E96\\u0127\\u2C68\\u2C76\\u0265]","hv":"[\\u0195]","i":"[\\u0069\\u24D8\\uFF49\\u00EC\\u00ED\\u00EE\\u0129\\u012B\\u012D\\u00EF\\u1E2F\\u1EC9\\u01D0\\u0209\\u020B\\u1ECB\\u012F\\u1E2D\\u0268\\u0131]","j":"[\\u006A\\u24D9\\uFF4A\\u0135\\u01F0\\u0249]","k":"[\\u006B\\u24DA\\uFF4B\\u1E31\\u01E9\\u1E33\\u0137\\u1E35\\u0199\\u2C6A\\uA741\\uA743\\uA745\\uA7A3]","l":"[\\u006C\\u24DB\\uFF4C\\u0140\\u013A\\u013E\\u1E37\\u1E39\\u013C\\u1E3D\\u1E3B\\u017F\\u0142\\u019A\\u026B\\u2C61\\uA749\\uA781\\uA747]","lj":"[\\u01C9]","m":"[\\u006D\\u24DC\\uFF4D\\u1E3F\\u1E41\\u1E43\\u0271\\u026F]","n":"[\\u006E\\u24DD\\uFF4E\\u01F9\\u0144\\u00F1\\u1E45\\u0148\\u1E47\\u0146\\u1E4B\\u1E49\\u019E\\u0272\\u0149\\uA791\\uA7A5]","nj":"[\\u01CC]","o":"[\\u006F\\u24DE\\uFF4F\\u00F2\\u00F3\\u00F4\\u1ED3\\u1ED1\\u1ED7\\u1ED5\\u00F5\\u1E4D\\u022D\\u1E4F\\u014D\\u1E51\\u1E53\\u014F\\u022F\\u0231\\u00F6\\u022B\\u1ECF\\u0151\\u01D2\\u020D\\u020F\\u01A1\\u1EDD\\u1EDB\\u1EE1\\u1EDF\\u1EE3\\u1ECD\\u1ED9\\u01EB\\u01ED\\u00F8\\u01FF\\u0254\\uA74B\\uA74D\\u0275]","oi":"[\\u01A3]","ou":"[\\u0223]","oo":"[\\uA74F]","p":"[\\u0070\\u24DF\\uFF50\\u1E55\\u1E57\\u01A5\\u1D7D\\uA751\\uA753\\uA755]","q":"[\\u0071\\u24E0\\uFF51\\u024B\\uA757\\uA759]","r":"[\\u0072\\u24E1\\uFF52\\u0155\\u1E59\\u0159\\u0211\\u0213\\u1E5B\\u1E5D\\u0157\\u1E5F\\u024D\\u027D\\uA75B\\uA7A7\\uA783]","s":"[\\u0073\\u24E2\\uFF53\\u015B\\u1E65\\u015D\\u1E61\\u0161\\u1E67\\u1E63\\u1E69\\u0219\\u015F\\u023F\\uA7A9\\uA785\\u1E9B]","ss":"[\\u00DF]","t":"[\\u0074\\u24E3\\uFF54\\u1E6B\\u1E97\\u0165\\u1E6D\\u021B\\u0163\\u1E71\\u1E6F\\u0167\\u01AD\\u0288\\u2C66\\uA787]","tz":"[\\uA729]","u":"[\\u0075\\u24E4\\uFF55\\u00F9\\u00FA\\u00FB\\u0169\\u1E79\\u016B\\u1E7B\\u016D\\u00FC\\u01DC\\u01D8\\u01D6\\u01DA\\u1EE7\\u016F\\u0171\\u01D4\\u0215\\u0217\\u01B0\\u1EEB\\u1EE9\\u1EEF\\u1EED\\u1EF1\\u1EE5\\u1E73\\u0173\\u1E77\\u1E75\\u0289]","v":"[\\u0076\\u24E5\\uFF56\\u1E7D\\u1E7F\\u028B\\uA75F\\u028C]","vy":"[\\uA761]","w":"[\\u0077\\u24E6\\uFF57\\u1E81\\u1E83\\u0175\\u1E87\\u1E85\\u1E98\\u1E89\\u2C73]","x":"[\\u0078\\u24E7\\uFF58\\u1E8B\\u1E8D]","y":"[\\u0079\\u24E8\\uFF59\\u1EF3\\u00FD\\u0177\\u1EF9\\u0233\\u1E8F\\u00FF\\u1EF7\\u1E99\\u1EF5\\u01B4\\u024F\\u1EFF]","z":"[\\u007A\\u24E9\\uFF5A\\u017A\\u1E91\\u017C\\u017E\\u1E93\\u1E95\\u01B6\\u0225\\u0240\\u2C6C\\uA763]"},"researchesTests":["contentHasTOC","contentHasShortParagraphs","contentHasAssets","keywordInTitle","keywordInMetaDescription","keywordInPermalink","keywordIn10Percent","keywordInContent","keywordInSubheadings","keywordInImageAlt","keywordDensity","keywordNotUsed","lengthContent","lengthPermalink","linksHasInternal","linksHasExternals","linksNotAllExternals","titleStartWithKeyword","titleSentiment","titleHasPowerWords","titleHasNumber","hasContentAI"],"hasRedirection":false,"hasBreadcrumb":false},"homeUrl":"https:\/\/hustle.com.vn\/vi\/","objectID":2261,"objectType":"post","locale":"vi","localeFull":"vi_VN","overlayImages":{"play":{"name":"Play icon","url":"https:\/\/hustle.com.vn\/wp-content\/plugins\/seo-by-rank-math\/assets\/admin\/img\/icon-play.png","path":"\/home\/hustlecomv\/domains\/hustle.com.vn\/public_html\/wp-content\/plugins\/seo-by-rank-math\/assets\/admin\/img\/icon-play.png","position":"middle_center"},"gif":{"name":"GIF icon","url":"https:\/\/hustle.com.vn\/wp-content\/plugins\/seo-by-rank-math\/assets\/admin\/img\/icon-gif.png","path":"\/home\/hustlecomv\/domains\/hustle.com.vn\/public_html\/wp-content\/plugins\/seo-by-rank-math\/assets\/admin\/img\/icon-gif.png","position":"middle_center"}},"defautOgImage":"https:\/\/hustle.com.vn\/wp-content\/plugins\/seo-by-rank-math\/assets\/admin\/img\/social-placeholder.jpg","customPermalinks":true,"isUserRegistered":false,"autoSuggestKeywords":false,"connectSiteUrl":"https:\/\/rankmath.com\/auth?site=https%3A%2F%2Fhustle.com.vn%2Fvi%2F&r=https%3A%2F%2Fhustle.com.vn%2Fvi%2Fwp-json%2Fwp%2Fv2%2Fpages%2F2118%3Fnonce%3D2abd393cef","maxTags":5,"trendsIcon":"<svg viewBox=\"0 0 610 610\"><path d=\"M18.85,446,174.32,290.48l58.08,58.08L76.93,504a14.54,14.54,0,0,1-20.55,0L18.83,466.48a14.54,14.54,0,0,1,0-20.55Z\" style=\"fill:#4285f4\"\/><path d=\"M242.65,242.66,377.59,377.6l-47.75,47.75a14.54,14.54,0,0,1-20.55,0L174.37,290.43l47.75-47.75A14.52,14.52,0,0,1,242.65,242.66Z\" style=\"fill:#ea4335\"\/><polygon points=\"319.53 319.53 479.26 159.8 537.34 217.88 377.61 377.62 319.53 319.53\" style=\"fill:#fabb05\"\/><path d=\"M594.26,262.73V118.61h0a16.94,16.94,0,0,0-16.94-16.94H433.2a16.94,16.94,0,0,0-12,28.92L565.34,274.71h0a16.94,16.94,0,0,0,28.92-12Z\" style=\"fill:#34a853\"\/><rect width=\"610\" height=\"610\" style=\"fill:none\"\/><\/svg>","showScore":true,"siteFavIcon":"https:\/\/hustle.com.vn\/wp-content\/uploads\/2024\/10\/cropped-hustle-monogram-black-mono-01-1-32x32.png","canUser":{"general":false,"advanced":false,"snippet":false,"social":false,"analysis":false,"analytics":false,"content_ai":false},"showKeywordIntent":true,"isPro":false,"is_front_page":false,"trendsUpgradeLink":"https:\/\/rankmath.com\/pricing\/?utm_source=Plugin&utm_medium=CE%20General%20Tab%20Trends&utm_campaign=WP","trendsUpgradeLabel":"Upgrade","trendsPreviewImage":"https:\/\/hustle.com.vn\/wp-content\/plugins\/seo-by-rank-math\/assets\/admin\/img\/trends-preview.jpg","currentEditor":false,"homepageData":{"assessor":{"powerWords":[],"diacritics":true,"researchesTests":["contentHasTOC","contentHasShortParagraphs","contentHasAssets","keywordInTitle","keywordInMetaDescription","keywordInPermalink","keywordIn10Percent","keywordInContent","keywordInSubheadings","keywordInImageAlt","keywordDensity","keywordNotUsed","lengthContent","lengthPermalink","linksHasInternal","linksHasExternals","linksNotAllExternals","titleStartWithKeyword","titleSentiment","titleHasPowerWords","titleHasNumber","hasContentAI"],"hasBreadcrumb":false,"serpData":{"title":"%sitename% %page% %sep% %sitedesc%","description":"","titleTemplate":"%sitename% %page% %sep% %sitedesc%","descriptionTemplate":"","focusKeywords":"","breadcrumbTitle":"Home","robots":{"index":true},"advancedRobots":[],"facebookTitle":"","facebookDescription":"","facebookImage":"","facebookImageID":""}}},"tocTitle":"Table of Contents","tocExcludeHeadings":[],"listStyle":"ul"},"_links":{"self":[{"href":"https:\/\/hustle.com.vn\/vi\/wp-json\/wp\/v2\/pages\/2118","targetHints":{"allow":["GET"]}}],"collection":[{"href":"https:\/\/hustle.com.vn\/vi\/wp-json\/wp\/v2\/pages"}],"about":[{"href":"https:\/\/hustle.com.vn\/vi\/wp-json\/wp\/v2\/types\/page"}],"author":[{"embeddable":true,"href":"https:\/\/hustle.com.vn\/vi\/wp-json\/wp\/v2\/users\/1"}],"replies":[{"embeddable":true,"href":"https:\/\/hustle.com.vn\/vi\/wp-json\/wp\/v2\/comments?post=2118"}],"version-history":[{"count":7,"href":"https:\/\/hustle.com.vn\/vi\/wp-json\/wp\/v2\/pages\/2118\/revisions"}],"predecessor-version":[{"id":3467,"href":"https:\/\/hustle.com.vn\/vi\/wp-json\/wp\/v2\/pages\/2118\/revisions\/3467"}],"wp:attachment":[{"href":"https:\/\/hustle.com.vn\/vi\/wp-json\/wp\/v2\/media?parent=2118"}],"curies":[{"name":"wp","href":"https:\/\/api.w.org\/{rel}","templated":true}]}}